{"id":1720,"date":"2021-06-05T14:01:11","date_gmt":"2021-06-05T12:01:11","guid":{"rendered":"http:\/\/jagodina.hola.rs\/?page_id=1720"},"modified":"2024-06-24T13:21:49","modified_gmt":"2024-06-24T11:21:49","slug":"muzej","status":"publish","type":"page","link":"https:\/\/jagodina.hola.rs\/?page_id=1720","title":{"rendered":"AQUA PARK"},"content":{"rendered":"\n<div class=\"wp-block-columns header-columns is-layout-flex wp-container-core-columns-is-layout-1 wp-block-columns-is-layout-flex\">\n<div class=\"wp-block-column is-layout-flow wp-block-column-is-layout-flow\" style=\"flex-basis:10%\">\n<figure class=\"wp-block-image size-full back-image\"><img loading=\"lazy\" decoding=\"async\" width=\"57\" height=\"57\" src=\"http:\/\/jagodina.hola.rs\/wp-content\/uploads\/2023\/05\/Back.png\" alt=\"\" class=\"wp-image-3616\"\/><\/figure>\n<\/div>\n\n\n\n<div class=\"wp-block-column is-layout-flow wp-block-column-is-layout-flow\" style=\"flex-basis:30%\"><\/div>\n\n\n\n<div class=\"wp-block-column last-header-column is-layout-flow wp-block-column-is-layout-flow\" style=\"flex-basis:60%\">\n\n<\/div>\n<\/div>\n\n\n\n<p><\/p>\n\n\n\n<section class=\"wp-block-qi-blocks-columns qodef-gutenberg-section qodef--template qodef-block-dacde339 qodef-col-num--1 qodef-col-layout--100 qodef-content--full-width\"><div class=\"qodef-section-background-overlay\"><\/div><div class=\"qodef-gutenberg-row\">\n<div class=\"wp-block-qi-blocks-column qodef-gutenberg-column qodef-block-1c078877\"><div class=\"qodef-gutenberg-column-inner\">\n<figure class=\"wp-block-image size-full\"><img loading=\"lazy\" decoding=\"async\" width=\"1920\" height=\"800\" src=\"http:\/\/jagodina.hola.rs\/wp-content\/uploads\/2024\/06\/AQUA-PARK-1.jpg\" alt=\"\" class=\"wp-image-8174\" style=\"object-fit:cover\" srcset=\"https:\/\/jagodina.hola.rs\/wp-content\/uploads\/2024\/06\/AQUA-PARK-1.jpg 1920w, https:\/\/jagodina.hola.rs\/wp-content\/uploads\/2024\/06\/AQUA-PARK-1-300x125.jpg 300w, https:\/\/jagodina.hola.rs\/wp-content\/uploads\/2024\/06\/AQUA-PARK-1-1024x427.jpg 1024w, https:\/\/jagodina.hola.rs\/wp-content\/uploads\/2024\/06\/AQUA-PARK-1-768x320.jpg 768w, https:\/\/jagodina.hola.rs\/wp-content\/uploads\/2024\/06\/AQUA-PARK-1-1536x640.jpg 1536w, https:\/\/jagodina.hola.rs\/wp-content\/uploads\/2024\/06\/AQUA-PARK-1-1568x653.jpg 1568w\" sizes=\"(max-width: 1920px) 100vw, 1920px\" \/><\/figure>\n<\/div><\/div>\n<\/div><\/section>\n\n\n\n<section class=\"wp-block-qi-blocks-columns qodef-gutenberg-section qodef--template qodef-block-aa4034b6 qodef-col-num--3 qodef-col-layout--16-66-16 qodef-content--full-width\"><div class=\"qodef-section-background-overlay\"><\/div><div class=\"qodef-gutenberg-row\">\n<div class=\"wp-block-qi-blocks-column qodef-gutenberg-column qodef-block-52d9e562\"><div class=\"qodef-gutenberg-column-inner\"><\/div><\/div>\n\n\n\n<div class=\"wp-block-qi-blocks-column qodef-gutenberg-column qodef-block-9c199a70\"><div class=\"qodef-gutenberg-column-inner\">\n<p class=\"has-text-align-center has-black-color has-text-color has-link-color wp-elements-139f91a0bbbd62f655d4a9d61f301346\" style=\"font-size:33px\">Aqua Park u Jagodini nalazi se u najlep\u0161em delu grada u okviru sportsko turisti\u010dkog kompleksa. Prostire se na 50 000 kvadratnih metara.<\/p>\n\n\n\n<div class=\"wp-block-qi-blocks-spacer qodef-block-container qodef-block-ec914415\"><div class=\"qi-block-spacer qodef-block qodef-m\"><\/div><\/div>\n<\/div><\/div>\n\n\n\n<div class=\"wp-block-qi-blocks-column qodef-gutenberg-column qodef-block-f661b1ef\"><div class=\"qodef-gutenberg-column-inner\"><\/div><\/div>\n<\/div><\/section>\n\n\n\n<section class=\"wp-block-qi-blocks-columns qodef-gutenberg-section qodef--template qodef-block-22220670 qodef-col-num--3 qodef-col-layout--16-66-16 qodef-content--full-width\"><div class=\"qodef-section-background-overlay\"><\/div><div class=\"qodef-gutenberg-row\">\n<div class=\"wp-block-qi-blocks-column qodef-gutenberg-column qodef-block-9277ae82\"><div class=\"qodef-gutenberg-column-inner\"><\/div><\/div>\n\n\n\n<div class=\"wp-block-qi-blocks-column qodef-gutenberg-column qodef-block-a3ed031a\"><div class=\"qodef-gutenberg-column-inner\">\n<p><mark style=\"background-color:rgba(0, 0, 0, 0)\" class=\"has-inline-color has-black-color\">Aqua Park u Jagodini je prvi akva park u Srbiji, koji je otvoren jula 2007. godine.<br>Sadr\u017ei sedam bazena za sportske i rekreativne aktivnosti sa vodenim atrakcijama za decu i sistemom tobogana ukupne du\u017eine oko 600 metara.<\/mark><\/p>\n<\/div><\/div>\n\n\n\n<div class=\"wp-block-qi-blocks-column qodef-gutenberg-column qodef-block-3de95d97\"><div class=\"qodef-gutenberg-column-inner\"><\/div><\/div>\n<\/div><\/section>\n\n\n\n<div class=\"wp-block-qi-blocks-spacer qodef-block-container qodef-block-5f68d3b0\"><div class=\"qi-block-spacer qodef-block qodef-m\"><\/div><\/div>\n\n\n\n<section class=\"wp-block-qi-blocks-columns qodef-gutenberg-section qodef--template qodef-block-9449074b qodef-col-num--3 qodef-col-layout--16-66-16 qodef-content--full-width\"><div class=\"qodef-section-background-overlay\"><\/div><div class=\"qodef-gutenberg-row\">\n<div class=\"wp-block-qi-blocks-column qodef-gutenberg-column qodef-block-66227d83\"><div class=\"qodef-gutenberg-column-inner\"><\/div><\/div>\n\n\n\n<div class=\"wp-block-qi-blocks-column qodef-gutenberg-column qodef-block-daaaa91c\"><div class=\"qodef-gutenberg-column-inner\">\n<p class=\"has-text-align-left has-black-color has-text-color has-link-color wp-elements-1e9200b51458731bd3ae515f00a32110\">Od toga 6 tobogana je za odrasle, a 3 za mali\u0161ane. Olimpijski bazen ispunjava sve uslove za odr\u017eavanje pliva\u010dkih i vaterpolo takmi\u010denja po propisima svetske pliva\u010dke federacije.<\/p>\n<\/div><\/div>\n\n\n\n<div class=\"wp-block-qi-blocks-column qodef-gutenberg-column qodef-block-f35445e8\"><div class=\"qodef-gutenberg-column-inner\"><\/div><\/div>\n<\/div><\/section>\n\n\n\n<section class=\"wp-block-qi-blocks-columns qodef-gutenberg-section qodef--template qodef-block-eaee9b33 qodef-col-num--1 qodef-col-layout--100 qodef-content--boxed\"><div class=\"qodef-section-background-overlay\"><\/div><div class=\"qodef-gutenberg-row\">\n<div class=\"wp-block-qi-blocks-column qodef-gutenberg-column qodef-block-e00ee2cd\"><div class=\"qodef-gutenberg-column-inner\">\n<div class=\"wp-block-qi-blocks-image-slider qodef-block-container qodef-block-c27e6dc8\"><div class=\"qi-block-image-slider qodef-block qodef-m qi-block-fslightbox-popup qodef-popup-gallery\"><div class=\"qodef-block-swiper qodef-navigation--inside qodef-pagination--inside qodef-navigation--hover-move\" data-options=\"{&quot;direction&quot;:&quot;horizontal&quot;,&quot;slidesPerView&quot;:2,&quot;spaceBetween&quot;:12,&quot;loop&quot;:true,&quot;autoplay&quot;:true,&quot;centeredSlides&quot;:false,&quot;dragging&quot;:true,&quot;outsideNavigation&quot;:&quot;no&quot;,&quot;outsidePagination&quot;:&quot;no&quot;,&quot;effect&quot;:&quot;slide&quot;}\"><div class=\"swiper-wrapper\"><div class=\"qodef-e swiper-slide\"><div class=\"qodef-e-inner\"><a class=\"qodef-popup-item\" href=\"http:\/\/jagodina.hola.rs\/wp-content\/uploads\/2024\/06\/AKVA3.jpg\" data-type=\"image\" data-fslightbox=\"gallery-757\"><img loading=\"lazy\" decoding=\"async\" width=\"1024\" height=\"768\" class=\"qodef-e-image wp-image-8185\" src=\"http:\/\/jagodina.hola.rs\/wp-content\/uploads\/2024\/06\/AKVA3.jpg\" alt=\"\" srcset=\"https:\/\/jagodina.hola.rs\/wp-content\/uploads\/2024\/06\/AKVA3.jpg 1024w, https:\/\/jagodina.hola.rs\/wp-content\/uploads\/2024\/06\/AKVA3-300x225.jpg 300w, https:\/\/jagodina.hola.rs\/wp-content\/uploads\/2024\/06\/AKVA3-768x576.jpg 768w\" sizes=\"(max-width: 1024px) 100vw, 1024px\" \/><\/a><\/div><\/div><div class=\"qodef-e swiper-slide\"><div class=\"qodef-e-inner\"><a class=\"qodef-popup-item\" href=\"http:\/\/jagodina.hola.rs\/wp-content\/uploads\/2024\/06\/AKVA1.jpg\" data-type=\"image\" data-fslightbox=\"gallery-757\"><img loading=\"lazy\" decoding=\"async\" width=\"1024\" height=\"768\" class=\"qodef-e-image wp-image-8186\" src=\"http:\/\/jagodina.hola.rs\/wp-content\/uploads\/2024\/06\/AKVA1.jpg\" alt=\"\" srcset=\"https:\/\/jagodina.hola.rs\/wp-content\/uploads\/2024\/06\/AKVA1.jpg 1024w, https:\/\/jagodina.hola.rs\/wp-content\/uploads\/2024\/06\/AKVA1-300x225.jpg 300w, https:\/\/jagodina.hola.rs\/wp-content\/uploads\/2024\/06\/AKVA1-768x576.jpg 768w\" sizes=\"(max-width: 1024px) 100vw, 1024px\" \/><\/a><\/div><\/div><div class=\"qodef-e swiper-slide\"><div class=\"qodef-e-inner\"><a class=\"qodef-popup-item\" href=\"http:\/\/jagodina.hola.rs\/wp-content\/uploads\/2024\/06\/AKVA.jpg\" data-type=\"image\" data-fslightbox=\"gallery-757\"><img loading=\"lazy\" decoding=\"async\" width=\"1024\" height=\"756\" class=\"qodef-e-image wp-image-8187\" src=\"http:\/\/jagodina.hola.rs\/wp-content\/uploads\/2024\/06\/AKVA.jpg\" alt=\"\" srcset=\"https:\/\/jagodina.hola.rs\/wp-content\/uploads\/2024\/06\/AKVA.jpg 1024w, https:\/\/jagodina.hola.rs\/wp-content\/uploads\/2024\/06\/AKVA-300x221.jpg 300w, https:\/\/jagodina.hola.rs\/wp-content\/uploads\/2024\/06\/AKVA-768x567.jpg 768w\" sizes=\"(max-width: 1024px) 100vw, 1024px\" \/><\/a><\/div><\/div><\/div><div class=\"swiper-button-prev swiper-button-prev-qodef-block-c27e6dc8\"><svg xmlns=\"http:\/\/www.w3.org\/2000\/svg\" xmlns:xlink=\"http:\/\/www.w3.org\/1999\/xlink\" x=\"0px\" y=\"0px\" viewBox=\"0 0 34.2 32.3\" xml:space=\"preserve\" style=\"stroke-width: 2;\"><line x1=\"0.5\" y1=\"16\" x2=\"33.5\" y2=\"16\"\/><line x1=\"0.3\" y1=\"16.5\" x2=\"16.2\" y2=\"0.7\"\/><line x1=\"0\" y1=\"15.4\" x2=\"16.2\" y2=\"31.6\"\/><\/svg><\/div><div class=\"swiper-button-next swiper-button-next-qodef-block-c27e6dc8\"><svg xmlns=\"http:\/\/www.w3.org\/2000\/svg\" xmlns:xlink=\"http:\/\/www.w3.org\/1999\/xlink\" x=\"0px\" y=\"0px\" viewBox=\"0 0 34.2 32.3\" xml:space=\"preserve\" style=\"stroke-width: 2;\"><line x1=\"0\" y1=\"16\" x2=\"33\" y2=\"16\"\/><line x1=\"17.3\" y1=\"0.7\" x2=\"33.2\" y2=\"16.5\"\/><line x1=\"17.3\" y1=\"31.6\" x2=\"33.5\" y2=\"15.4\"\/><\/svg><\/div><div class=\"swiper-pagination \"><\/div><\/div><\/div><\/div>\n<\/div><\/div>\n<\/div><\/section>\n\n\n\n<div class=\"wp-block-qi-blocks-spacer qodef-block-container qodef-block-1eefb553\"><div class=\"qi-block-spacer qodef-block qodef-m\"><\/div><\/div>\n\n\n\n<section class=\"wp-block-qi-blocks-columns qodef-gutenberg-section qodef--template qodef-block-da7d31a7 qodef-col-num--3 qodef-col-layout--16-66-16 qodef-content--full-width\"><div class=\"qodef-section-background-overlay\"><\/div><div class=\"qodef-gutenberg-row\">\n<div class=\"wp-block-qi-blocks-column qodef-gutenberg-column qodef-block-e313684e\"><div class=\"qodef-gutenberg-column-inner\"><\/div><\/div>\n\n\n\n<div class=\"wp-block-qi-blocks-column qodef-gutenberg-column qodef-block-26794bac\"><div class=\"qodef-gutenberg-column-inner\">\n<p class=\"has-black-color has-text-color has-link-color wp-elements-7ac0f0d811f42a14cd5cb920b5bb1c5a\">Ceo Aqua Parkje osvetljen reflektorima \u0161to omogu\u0107ava odr\u017eavanje i no\u0107nih sportskih i kulturno-zabavnih manifestacija. U sastavu ovog centra nalazi se i vi\u0161e restorana za pripremu brze hrane, kao i za prodaju sladoleda, sokova i piva.<\/p>\n<\/div><\/div>\n\n\n\n<div class=\"wp-block-qi-blocks-column qodef-gutenberg-column qodef-block-7adc275d\"><div class=\"qodef-gutenberg-column-inner\"><\/div><\/div>\n<\/div><\/section>\n\n\n\n<section class=\"wp-block-qi-blocks-columns qodef-gutenberg-section qodef--template qodef-block-25e849f3 qodef-col-num--3 qodef-col-layout--16-66-16 qodef-content--full-width\"><div class=\"qodef-section-background-overlay\"><\/div><div class=\"qodef-gutenberg-row\">\n<div class=\"wp-block-qi-blocks-column qodef-gutenberg-column qodef-block-32f338f4\"><div class=\"qodef-gutenberg-column-inner\"><\/div><\/div>\n\n\n\n<div class=\"wp-block-qi-blocks-column qodef-gutenberg-column qodef-block-8887d418\"><div class=\"qodef-gutenberg-column-inner\">\n<p class=\"has-black-color has-text-color has-link-color wp-elements-a3c1087f5cc11cb9ef75efee4ccdbdbb\">Pored njega se nalazi parkirali\u0161te za 1.000 automobila, kompleks teniskih igrali\u0161ta, igrali\u0161ta za ko\u0161arku, rukomet, mali i veliki fudbal, odbojku i odbojku na pesku, karting, kao i restorani, picerije, poslasti\u010darnice.<\/p>\n<\/div><\/div>\n\n\n\n<div class=\"wp-block-qi-blocks-column qodef-gutenberg-column qodef-block-d80c55f4\"><div class=\"qodef-gutenberg-column-inner\"><\/div><\/div>\n<\/div><\/section>\n\n\n\n<div class=\"wp-block-qi-blocks-spacer qodef-block-container qodef-block-f993854a\"><div class=\"qi-block-spacer qodef-block qodef-m\"><\/div><\/div>\n\n\n\n<section class=\"wp-block-qi-blocks-columns qodef-gutenberg-section qodef--template qodef-block-0eda1708 qodef-col-num--3 qodef-col-layout--16-66-16 qodef-content--full-width\"><div class=\"qodef-section-background-overlay\"><\/div><div class=\"qodef-gutenberg-row\">\n<div class=\"wp-block-qi-blocks-column qodef-gutenberg-column qodef-block-f2c041f9\"><div class=\"qodef-gutenberg-column-inner\"><\/div><\/div>\n\n\n\n<div class=\"wp-block-qi-blocks-column qodef-gutenberg-column qodef-block-080042ef\"><div class=\"qodef-gutenberg-column-inner\"><div class=\"wp-block-image\">\n<figure class=\"aligncenter size-full\"><img loading=\"lazy\" decoding=\"async\" width=\"800\" height=\"1664\" src=\"http:\/\/jagodina.hola.rs\/wp-content\/uploads\/2024\/06\/CENOVNIK.jpg\" alt=\"\" class=\"wp-image-8181\" style=\"object-fit:cover\" srcset=\"https:\/\/jagodina.hola.rs\/wp-content\/uploads\/2024\/06\/CENOVNIK.jpg 800w, https:\/\/jagodina.hola.rs\/wp-content\/uploads\/2024\/06\/CENOVNIK-144x300.jpg 144w, https:\/\/jagodina.hola.rs\/wp-content\/uploads\/2024\/06\/CENOVNIK-492x1024.jpg 492w, https:\/\/jagodina.hola.rs\/wp-content\/uploads\/2024\/06\/CENOVNIK-768x1597.jpg 768w, https:\/\/jagodina.hola.rs\/wp-content\/uploads\/2024\/06\/CENOVNIK-738x1536.jpg 738w\" sizes=\"(max-width: 800px) 100vw, 800px\" \/><\/figure><\/div><\/div><\/div>\n\n\n\n<div class=\"wp-block-qi-blocks-column qodef-gutenberg-column qodef-block-30c4b98a\"><div class=\"qodef-gutenberg-column-inner\"><\/div><\/div>\n<\/div><\/section>\n","protected":false},"excerpt":{"rendered":"","protected":false},"author":1,"featured_media":0,"parent":0,"menu_order":0,"comment_status":"closed","ping_status":"closed","template":"","meta":{"footnotes":""},"_links":{"self":[{"href":"https:\/\/jagodina.hola.rs\/index.php?rest_route=\/wp\/v2\/pages\/1720"}],"collection":[{"href":"https:\/\/jagodina.hola.rs\/index.php?rest_route=\/wp\/v2\/pages"}],"about":[{"href":"https:\/\/jagodina.hola.rs\/index.php?rest_route=\/wp\/v2\/types\/page"}],"author":[{"embeddable":true,"href":"https:\/\/jagodina.hola.rs\/index.php?rest_route=\/wp\/v2\/users\/1"}],"replies":[{"embeddable":true,"href":"https:\/\/jagodina.hola.rs\/index.php?rest_route=%2Fwp%2Fv2%2Fcomments&post=1720"}],"version-history":[{"count":101,"href":"https:\/\/jagodina.hola.rs\/index.php?rest_route=\/wp\/v2\/pages\/1720\/revisions"}],"predecessor-version":[{"id":8696,"href":"https:\/\/jagodina.hola.rs\/index.php?rest_route=\/wp\/v2\/pages\/1720\/revisions\/8696"}],"wp:attachment":[{"href":"https:\/\/jagodina.hola.rs\/index.php?rest_route=%2Fwp%2Fv2%2Fmedia&parent=1720"}],"curies":[{"name":"wp","href":"https:\/\/api.w.org\/{rel}","templated":true}]}}